{"id":1249,"date":"2024-12-21T09:05:18","date_gmt":"2024-12-21T09:05:18","guid":{"rendered":"https:\/\/butonia.rs\/proizvod\/bpf-glock-l1-1-052\/"},"modified":"2024-12-21T09:05:18","modified_gmt":"2024-12-21T09:05:18","slug":"bpf-glock-l1-1-052","status":"publish","type":"product","link":"https:\/\/butonia.rs\/en\/proizvod\/bpf-glock-l1-1-052\/","title":{"rendered":"BPF GLOCK L1 \/ 1.052"},"content":{"rendered":"<p>Smallest dimension retention holster. Specially designed for Glock 9mm handgun of all generations.<br \/>\nMinimalistic in design and very simple to use.<br \/>\nHandgun will stay locked and in place in the harshest conditions.<br \/>\nProduced exclusively from the highest quality polyamide which gives it the highest quality, durability and endurance. Holster can be attached to any of our platforms.<\/p>\n","protected":false},"excerpt":{"rendered":"<p>Brzopotezna futrola najmanjih dimenzija.<br \/>\nSpecijalno izra\u0111ena za pi\u0161tolj Glock 9mm svih generacija.<br \/>\nMinimalisti\u010dkog dizajna i veoma jednostavna za kori\u0161\u0107enje.<br \/>\nPi\u0161tolj \u0107e stajati zabravljen i na mestu u najzahtevnijim uslovima.<br \/>\nProizvedena isklju\u010divo od najkvalitetnijeg poliamida \u0161to joj pru\u017ea najvi\u0161i nivo kvaliteta, izdr\u017eljivosti i dugotrajnosti. Holster can be attached to any of our platforms.<\/p>\n","protected":false},"featured_media":487,"template":"","meta":[],"product_brand":[],"product_cat":[88,87],"product_tag":[],"class_list":{"0":"post-1249","1":"product","2":"type-product","3":"status-publish","4":"has-post-thumbnail","6":"product_cat-retention-holster","7":"product_cat-tactical","9":"first","10":"instock","11":"shipping-taxable","12":"purchasable","13":"product-type-variable"},"acf":[],"yoast_head":"<!-- This site is optimized with the Yoast SEO plugin v27.3 - https:\/\/yoast.com\/product\/yoast-seo-wordpress\/ -->\n<title>BPF GLOCK L1 \/ 1.052 - Butonia<\/title>\n<meta name=\"robots\" content=\"index, follow, max-snippet:-1, max-image-preview:large, max-video-preview:-1\" \/>\n<link rel=\"canonical\" href=\"https:\/\/butonia.rs\/proizvod\/bpf-glock-l1-1-052\/\" \/>\n<meta property=\"og:locale\" content=\"en_US\" \/>\n<meta property=\"og:type\" content=\"article\" \/>\n<meta property=\"og:title\" content=\"BPF GLOCK L1 \/ 1.052 - Butonia\" \/>\n<meta property=\"og:description\" content=\"Brzopotezna futrola najmanjih dimenzija. Specijalno izra\u0111ena za pi\u0161tolj Glock 9mm svih generacija. Minimalisti\u010dkog dizajna i veoma jednostavna za kori\u0161\u0107enje. Pi\u0161tolj \u0107e stajati zabravljen i na mestu u najzahtevnijim uslovima. Proizvedena isklju\u010divo od najkvalitetnijeg poliamida \u0161to joj pru\u017ea najvi\u0161i nivo kvaliteta, izdr\u017eljivosti i dugotrajnosti. Holster can be attached to any of our platforms.\" \/>\n<meta property=\"og:url\" content=\"https:\/\/butonia.rs\/proizvod\/bpf-glock-l1-1-052\/\" \/>\n<meta property=\"og:site_name\" content=\"Butonia\" \/>\n<meta property=\"og:image\" content=\"https:\/\/butonia.rs\/wp-content\/uploads\/2024\/12\/Andrija-133.jpg\" \/>\n\t<meta property=\"og:image:width\" content=\"1280\" \/>\n\t<meta property=\"og:image:height\" content=\"852\" \/>\n\t<meta property=\"og:image:type\" content=\"image\/jpeg\" \/>\n<meta name=\"twitter:card\" content=\"summary_large_image\" \/>\n<script type=\"application\/ld+json\" class=\"yoast-schema-graph\">{\"@context\":\"https:\\\/\\\/schema.org\",\"@graph\":[{\"@type\":\"WebPage\",\"@id\":\"https:\\\/\\\/butonia.rs\\\/proizvod\\\/bpf-glock-l1-1-052\\\/\",\"url\":\"https:\\\/\\\/butonia.rs\\\/proizvod\\\/bpf-glock-l1-1-052\\\/\",\"name\":\"BPF GLOCK L1 \\\/ 1.052 - Butonia\",\"isPartOf\":{\"@id\":\"https:\\\/\\\/butonia.rs\\\/#website\"},\"primaryImageOfPage\":{\"@id\":\"https:\\\/\\\/butonia.rs\\\/proizvod\\\/bpf-glock-l1-1-052\\\/#primaryimage\"},\"image\":{\"@id\":\"https:\\\/\\\/butonia.rs\\\/proizvod\\\/bpf-glock-l1-1-052\\\/#primaryimage\"},\"thumbnailUrl\":\"https:\\\/\\\/butonia.rs\\\/wp-content\\\/uploads\\\/2024\\\/12\\\/Andrija-133.jpg\",\"datePublished\":\"2024-12-21T09:05:18+00:00\",\"breadcrumb\":{\"@id\":\"https:\\\/\\\/butonia.rs\\\/proizvod\\\/bpf-glock-l1-1-052\\\/#breadcrumb\"},\"inLanguage\":\"en-US\",\"potentialAction\":[{\"@type\":\"ReadAction\",\"target\":[\"https:\\\/\\\/butonia.rs\\\/proizvod\\\/bpf-glock-l1-1-052\\\/\"]}]},{\"@type\":\"ImageObject\",\"inLanguage\":\"en-US\",\"@id\":\"https:\\\/\\\/butonia.rs\\\/proizvod\\\/bpf-glock-l1-1-052\\\/#primaryimage\",\"url\":\"https:\\\/\\\/butonia.rs\\\/wp-content\\\/uploads\\\/2024\\\/12\\\/Andrija-133.jpg\",\"contentUrl\":\"https:\\\/\\\/butonia.rs\\\/wp-content\\\/uploads\\\/2024\\\/12\\\/Andrija-133.jpg\",\"width\":1280,\"height\":852},{\"@type\":\"BreadcrumbList\",\"@id\":\"https:\\\/\\\/butonia.rs\\\/proizvod\\\/bpf-glock-l1-1-052\\\/#breadcrumb\",\"itemListElement\":[{\"@type\":\"ListItem\",\"position\":1,\"name\":\"Po\u010detna\",\"item\":\"https:\\\/\\\/butonia.rs\\\/en\\\/\"},{\"@type\":\"ListItem\",\"position\":2,\"name\":\"Shop\",\"item\":\"https:\\\/\\\/butonia.rs\\\/proizvodi\\\/\"},{\"@type\":\"ListItem\",\"position\":3,\"name\":\"BPF GLOCK L1 \\\/ 1.052\"}]},{\"@type\":\"WebSite\",\"@id\":\"https:\\\/\\\/butonia.rs\\\/#website\",\"url\":\"https:\\\/\\\/butonia.rs\\\/\",\"name\":\"Butonia\",\"description\":\"Plasti\u010dna galanterija\",\"potentialAction\":[{\"@type\":\"SearchAction\",\"target\":{\"@type\":\"EntryPoint\",\"urlTemplate\":\"https:\\\/\\\/butonia.rs\\\/?s={search_term_string}\"},\"query-input\":{\"@type\":\"PropertyValueSpecification\",\"valueRequired\":true,\"valueName\":\"search_term_string\"}}],\"inLanguage\":\"en-US\"}]}<\/script>\n<!-- \/ Yoast SEO plugin. -->","yoast_head_json":{"title":"BPF GLOCK L1 \/ 1.052 - Butonia","robots":{"index":"index","follow":"follow","max-snippet":"max-snippet:-1","max-image-preview":"max-image-preview:large","max-video-preview":"max-video-preview:-1"},"canonical":"https:\/\/butonia.rs\/proizvod\/bpf-glock-l1-1-052\/","og_locale":"en_US","og_type":"article","og_title":"BPF GLOCK L1 \/ 1.052 - Butonia","og_description":"Brzopotezna futrola najmanjih dimenzija. Specijalno izra\u0111ena za pi\u0161tolj Glock 9mm svih generacija. Minimalisti\u010dkog dizajna i veoma jednostavna za kori\u0161\u0107enje. Pi\u0161tolj \u0107e stajati zabravljen i na mestu u najzahtevnijim uslovima. Proizvedena isklju\u010divo od najkvalitetnijeg poliamida \u0161to joj pru\u017ea najvi\u0161i nivo kvaliteta, izdr\u017eljivosti i dugotrajnosti. Holster can be attached to any of our platforms.","og_url":"https:\/\/butonia.rs\/proizvod\/bpf-glock-l1-1-052\/","og_site_name":"Butonia","og_image":[{"width":1280,"height":852,"url":"https:\/\/butonia.rs\/wp-content\/uploads\/2024\/12\/Andrija-133.jpg","type":"image\/jpeg"}],"twitter_card":"summary_large_image","schema":{"@context":"https:\/\/schema.org","@graph":[{"@type":"WebPage","@id":"https:\/\/butonia.rs\/proizvod\/bpf-glock-l1-1-052\/","url":"https:\/\/butonia.rs\/proizvod\/bpf-glock-l1-1-052\/","name":"BPF GLOCK L1 \/ 1.052 - Butonia","isPartOf":{"@id":"https:\/\/butonia.rs\/#website"},"primaryImageOfPage":{"@id":"https:\/\/butonia.rs\/proizvod\/bpf-glock-l1-1-052\/#primaryimage"},"image":{"@id":"https:\/\/butonia.rs\/proizvod\/bpf-glock-l1-1-052\/#primaryimage"},"thumbnailUrl":"https:\/\/butonia.rs\/wp-content\/uploads\/2024\/12\/Andrija-133.jpg","datePublished":"2024-12-21T09:05:18+00:00","breadcrumb":{"@id":"https:\/\/butonia.rs\/proizvod\/bpf-glock-l1-1-052\/#breadcrumb"},"inLanguage":"en-US","potentialAction":[{"@type":"ReadAction","target":["https:\/\/butonia.rs\/proizvod\/bpf-glock-l1-1-052\/"]}]},{"@type":"ImageObject","inLanguage":"en-US","@id":"https:\/\/butonia.rs\/proizvod\/bpf-glock-l1-1-052\/#primaryimage","url":"https:\/\/butonia.rs\/wp-content\/uploads\/2024\/12\/Andrija-133.jpg","contentUrl":"https:\/\/butonia.rs\/wp-content\/uploads\/2024\/12\/Andrija-133.jpg","width":1280,"height":852},{"@type":"BreadcrumbList","@id":"https:\/\/butonia.rs\/proizvod\/bpf-glock-l1-1-052\/#breadcrumb","itemListElement":[{"@type":"ListItem","position":1,"name":"Po\u010detna","item":"https:\/\/butonia.rs\/en\/"},{"@type":"ListItem","position":2,"name":"Shop","item":"https:\/\/butonia.rs\/proizvodi\/"},{"@type":"ListItem","position":3,"name":"BPF GLOCK L1 \/ 1.052"}]},{"@type":"WebSite","@id":"https:\/\/butonia.rs\/#website","url":"https:\/\/butonia.rs\/","name":"Butonia","description":"Plasti\u010dna galanterija","potentialAction":[{"@type":"SearchAction","target":{"@type":"EntryPoint","urlTemplate":"https:\/\/butonia.rs\/?s={search_term_string}"},"query-input":{"@type":"PropertyValueSpecification","valueRequired":true,"valueName":"search_term_string"}}],"inLanguage":"en-US"}]}},"_links":{"self":[{"href":"https:\/\/butonia.rs\/en\/wp-json\/wp\/v2\/product\/1249","targetHints":{"allow":["GET"]}}],"collection":[{"href":"https:\/\/butonia.rs\/en\/wp-json\/wp\/v2\/product"}],"about":[{"href":"https:\/\/butonia.rs\/en\/wp-json\/wp\/v2\/types\/product"}],"wp:featuredmedia":[{"embeddable":true,"href":"https:\/\/butonia.rs\/en\/wp-json\/wp\/v2\/media\/487"}],"wp:attachment":[{"href":"https:\/\/butonia.rs\/en\/wp-json\/wp\/v2\/media?parent=1249"}],"wp:term":[{"taxonomy":"product_brand","embeddable":true,"href":"https:\/\/butonia.rs\/en\/wp-json\/wp\/v2\/product_brand?post=1249"},{"taxonomy":"product_cat","embeddable":true,"href":"https:\/\/butonia.rs\/en\/wp-json\/wp\/v2\/product_cat?post=1249"},{"taxonomy":"product_tag","embeddable":true,"href":"https:\/\/butonia.rs\/en\/wp-json\/wp\/v2\/product_tag?post=1249"}],"curies":[{"name":"wp","href":"https:\/\/api.w.org\/{rel}","templated":true}]}}